{"id":2839,"date":"2019-08-26T09:37:06","date_gmt":"2019-08-26T14:37:06","guid":{"rendered":"http:\/\/www.itsteziutlan.edu.mx\/?page_id=2839"},"modified":"2021-07-06T10:40:22","modified_gmt":"2021-07-06T15:40:22","slug":"estados-financieros","status":"publish","type":"page","link":"http:\/\/www.itsteziutlan.edu.mx\/index.php\/transparencia\/estados-financieros\/","title":{"rendered":"Estados Financieros"},"content":{"rendered":"<p>[vc_row full_width=&#8221;stretch_row_content&#8221; content_placement=&#8221;bottom&#8221; parallax=&#8221;content-moving&#8221; parallax_image=&#8221;84&#8243; css=&#8221;.vc_custom_1562612433342{margin-bottom: 0px !important;padding-bottom: 30px !important;background-image: url(http:\/\/www.itsteziutlan.edu.mx\/wp-content\/uploads\/backFooter2.png?id=84) !important;background-position: center;background-repeat: no-repeat;background-size: cover !important;}&#8221;][vc_column width=&#8221;2\/12&#8243; css=&#8221;.vc_custom_1555699902733{margin-top: 0px !important;margin-bottom: 0px !important;padding-top: 90px !important;padding-bottom: 0px !important;}&#8221;][\/vc_column][vc_column width=&#8221;10\/12&#8243;][vc_custom_heading source=&#8221;post_title&#8221; font_container=&#8221;tag:h2|font_size:65px|text_align:left|color:%23ffffff|line_height:65px&#8221; use_theme_fonts=&#8221;yes&#8221; css=&#8221;.vc_custom_1562612753904{margin-top: 11px !important;margin-bottom: 0px !important;padding-top: 0px !important;padding-bottom: 0px !important;}&#8221; el_class=&#8221;titulos-sombra&#8221;][vc_custom_heading text=&#8221;Instituto Tecnol\u00f3gico Superior de Teziutl\u00e1n&#8221; font_container=&#8221;tag:h3|font_size:30px|text_align:left|color:%23ffffff|line_height:40px&#8221; use_theme_fonts=&#8221;yes&#8221; css=&#8221;.vc_custom_1563927258725{margin-top: 11px !important;margin-bottom: 0px !important;padding-top: 0px !important;padding-bottom: 0px !important;}&#8221; el_class=&#8221;titulos-sombra&#8221;][\/vc_column][\/vc_row][vc_row css=&#8221;.vc_custom_1563933323102{padding-top: 20px !important;}&#8221;][vc_column width=&#8221;1\/6&#8243;][\/vc_column][vc_column width=&#8221;2\/3&#8243;][vc_column_text]En cumplimiento a la Ley de Transparencia y Acceso a la Informaci\u00f3n P\u00fablica del Estado de Puebla, el Instituto Tecnol\u00f3gico Superior de Teziutl\u00e1n pone a tu disposici\u00f3n la informaci\u00f3n P\u00fablica generada y administrada en su poder.[\/vc_column_text][\/vc_column][vc_column width=&#8221;1\/6&#8243;][\/vc_column][\/vc_row][vc_row css=&#8221;.vc_custom_1563933323102{padding-top: 20px !important;}&#8221;][vc_column][vc_custom_heading text=&#8221;2do Trimestre 2021&#8243; font_container=&#8221;tag:h2|text_align:center&#8221; use_theme_fonts=&#8221;yes&#8221; css=&#8221;.vc_custom_1586802773493{padding-bottom: 30px !important;}&#8221;][vc_custom_heading text=&#8221;I. Informaci\u00f3n Contable&#8221; font_container=&#8221;tag:h4|text_align:left|color:%23ffffff&#8221; use_theme_fonts=&#8221;yes&#8221; css=&#8221;.vc_custom_1566834974033{padding-bottom: 10px !important;background-color: #ef5939 !important;}&#8221;][vc_column_text]<a href=\"http:\/\/www.itsteziutlan.edu.mx\/transparencia\/2021\/informacion_contable\/Estado_de_Situacion_Financiera_2doTrimestre2021.pdf\" target=\"_blank\" rel=\"noopener noreferrer\">Estado de Situaci\u00f3n Financiera &#8211; 2do Trimestre 2021<\/a><\/p>\n<p><a href=\"http:\/\/www.itsteziutlan.edu.mx\/transparencia\/2021\/informacion_contable\/Estado_de_Variaciones_en_la_Hacienda_Publica_2doTrimestre2021.pdf\" target=\"_blank\" rel=\"noopener noreferrer\">Estado de Variaciones en la Hacienda Publica &#8211; 2do Trimestre 2021<\/a><\/p>\n<p><a href=\"http:\/\/www.itsteziutlan.edu.mx\/transparencia\/2021\/informacion_contable\/Estado_de_Cambios_en_la_Situacion_Financiera_2doTrimestre2021.pdf\" target=\"_blank\" rel=\"noopener noreferrer\">Estado de cambios en la situaci\u00f3n financiera &#8211; 2do Trimestre 2021<\/a><\/p>\n<p><a href=\"http:\/\/www.itsteziutlan.edu.mx\/transparencia\/2021\/informacion_contable\/Estado_de_Flujos_de_Efectivo_2doTrimestre2021.pdf\" target=\"_blank\" rel=\"noopener noreferrer\">Estado de flujos de efectivo &#8211; 2do Trimestre 2021<\/a><\/p>\n<p><a href=\"http:\/\/www.itsteziutlan.edu.mx\/transparencia\/2021\/informacion_contable\/Informe_de_Pasivos_Contingentes_2doTrimestre2021.pdf\" target=\"_blank\" rel=\"noopener noreferrer\">Informe de Pasivos Contingentes &#8211; 2do Trimestre 2021<\/a><\/p>\n<p><a href=\"http:\/\/www.itsteziutlan.edu.mx\/transparencia\/2021\/informacion_contable\/Estado-Analitico_del_Activo_2doTrimestre2021.pdf\" target=\"_blank\" rel=\"noopener noreferrer\">Estado anal\u00edtico del activo &#8211; 2do Trimestre 2021<\/a><\/p>\n<p><a href=\"http:\/\/www.itsteziutlan.edu.mx\/transparencia\/2021\/informacion_contable\/Estado_analitico_de_la_deuda_y_otros_pasivos_2doTrimestre2021.pdf\" target=\"_blank\" rel=\"noopener noreferrer\">Estado anal\u00edtico de la deuda y otros pasivos &#8211; 2do Trimestre 2021<\/a><\/p>\n<p><a href=\"http:\/\/www.itsteziutlan.edu.mx\/transparencia\/2021\/informacion_contable\/Estado_de_Actividades_2doTrimestre2021.pdf\" target=\"_blank\" rel=\"noopener noreferrer\">Estado de actividades &#8211; 2do Trimestre 2021<\/a><\/p>\n<p><a href=\"http:\/\/www.itsteziutlan.edu.mx\/transparencia\/2021\/informacion_contable\/Notas_a_los_Estados_Financieros_2doTrimestre2021.pdf\" target=\"_blank\" rel=\"noopener noreferrer\">Notas a los Estados Financieros &#8211; 2do Trimestre 2021<\/a><\/p>\n<p><a href=\"http:\/\/www.itsteziutlan.edu.mx\/transparencia\/2021\/informacion_contable\/Informe_de_Pasivos_Contingentes_2doTrimestre2021.pdf\">Informe de pasivos contingentes &#8211; 2do Trimestre 2021<\/a><\/p>\n<p><a href=\"http:\/\/www.itsteziutlan.edu.mx\/transparencia\/2021\/inventarios_bienes_muebles_e_inmuebles\/inventarios_bienes_inmuebles_2doTrimestre2021.pdf\" target=\"_blank\" rel=\"noopener\">Inventario de bienes inmuebles \u2013 2do Trimestre 2021 (Publicaci\u00f3n Semestral)<\/a><\/p>\n<p><a href=\"http:\/\/www.itsteziutlan.edu.mx\/transparencia\/2021\/inventarios_bienes_muebles_e_inmuebles\/inventarios_bienes_muebles_2doTrimestre2021.pdf\" target=\"_blank\" rel=\"noopener\">Inventario de bienes muebles \u2013 2do Trimestre 2021 (Publicaci\u00f3n Semestral)<\/a>[\/vc_column_text][\/vc_column][\/vc_row][vc_row css=&#8221;.vc_custom_1563933323102{padding-top: 20px !important;}&#8221;][vc_column][vc_custom_heading text=&#8221;II. Informaci\u00f3n Presupuestal&#8221; font_container=&#8221;tag:h4|text_align:left|color:%23ffffff&#8221; use_theme_fonts=&#8221;yes&#8221; css=&#8221;.vc_custom_1566840214521{padding-bottom: 10px !important;background-color: #ef5939 !important;}&#8221;][vc_column_text]<a href=\"http:\/\/www.itsteziutlan.edu.mx\/transparencia\/2021\/informacion_presupuestal\/Estado_analitico_de_ingresos_2doTrimestre2021.pdf\" target=\"_blank\" rel=\"noopener noreferrer\">Estado anal\u00edtico de ingresos &#8211; 2do Trimestre 2021<\/a><\/p>\n<p><a href=\"http:\/\/www.itsteziutlan.edu.mx\/transparencia\/2021\/informacion_presupuestal\/Estado_analitico_de_egresos_por_objeto_de_gasto_2doTrimestre2021.pdf\" target=\"_blank\" rel=\"noopener noreferrer\">Estado anal\u00edtico de Egresos por objeto de gasto &#8211; 2do Trimestre 2021<\/a><\/p>\n<p><a href=\"http:\/\/www.itsteziutlan.edu.mx\/transparencia\/2021\/informacion_presupuestal\/Estado_analitico_de_egresos_por_clasificacion_economica_2doTrimestre2021.pdf\" target=\"_blank\" rel=\"noopener noreferrer\">Estado anal\u00edtico de egresos por clasificaci\u00f3n econ\u00f3mica &#8211; 2do Trimestre 2021<\/a><\/p>\n<p><a href=\"http:\/\/www.itsteziutlan.edu.mx\/transparencia\/2021\/informacion_presupuestal\/Estado_analitico_de_egresos_por_clasificacion_administrativa_2doTrimestre2021.pdf\" target=\"_blank\" rel=\"noopener noreferrer\">Estado anal\u00edtico de gasto por clasificaci\u00f3n administrativa &#8211; 2do Trimestre 2021<\/a><\/p>\n<p><a href=\"http:\/\/www.itsteziutlan.edu.mx\/transparencia\/2021\/informacion_presupuestal\/Estado_analitico_de_egreso_por_clasificacion_funcional_2doTrimestre2021.pdf\" target=\"_blank\" rel=\"noopener noreferrer\">Estado anal\u00edtico de gasto por clasificaci\u00f3n funcional &#8211; 2do Trimestre 2021<\/a><\/p>\n<p><a href=\"http:\/\/www.itsteziutlan.edu.mx\/transparencia\/2021\/informacion_presupuestal\/Endeudamiento_Neto_2doTrimestre2021.pdf\" target=\"_blank\" rel=\"noopener noreferrer\">Endeudamiento neto &#8211; 2do Trimestre 2021<\/a><\/p>\n<p><a href=\"http:\/\/www.itsteziutlan.edu.mx\/transparencia\/2021\/informacion_presupuestal\/Intereses_de_la_deuda_2doTrimestre2021.pdf\" target=\"_blank\" rel=\"noopener noreferrer\">Intereses de la deuda &#8211; 2do Trimestre 2021<\/a><\/p>\n<p><a href=\"http:\/\/www.itsteziutlan.edu.mx\/transparencia\/2021\/informacion_presupuestal\/Indicadores_de_postura_fiscal_2doTrimestre2021.pdf\" target=\"_blank\" rel=\"noopener noreferrer\">Indicadores de postura fiscal &#8211; 2do Trimestre 2021<\/a>[\/vc_column_text][\/vc_column][\/vc_row][vc_row css=&#8221;.vc_custom_1563933323102{padding-top: 20px !important;}&#8221;][vc_column][vc_custom_heading text=&#8221;III. Informaci\u00f3n Program\u00e1tica&#8221; font_container=&#8221;tag:h4|text_align:left|color:%23ffffff&#8221; use_theme_fonts=&#8221;yes&#8221; css=&#8221;.vc_custom_1566843165554{padding-bottom: 10px !important;background-color: #ef5939 !important;}&#8221;][vc_column_text]<a href=\"http:\/\/www.itsteziutlan.edu.mx\/transparencia\/2021\/informacion_programatica\/Gasto_por_categoria_programatica_2doTrimestre2021.pdf\" target=\"_blank\" rel=\"noopener noreferrer\">Gasto por categor\u00eda program\u00e1tica &#8211; 2do Trimestre 2021<\/a><\/p>\n<p><a href=\"http:\/\/www.itsteziutlan.edu.mx\/transparencia\/2021\/informacion_programatica\/indicadores_para_resultados_2doTrimestre2021.pdf\" target=\"_blank\" rel=\"noopener noreferrer\">Indicadores para resultados &#8211; 2do Trimestre 2021<\/a><\/p>\n<p><a href=\"http:\/\/www.itsteziutlan.edu.mx\/transparencia\/2021\/informacion_programatica\/Programas_y_proyectos_de_inversion_2doTrimestre2021.pdf\" target=\"_blank\" rel=\"noopener noreferrer\">Programas y proyectos de inversi\u00f3n &#8211; 2do Trimestre 2021<\/a>[\/vc_column_text][\/vc_column][\/vc_row][vc_row css=&#8221;.vc_custom_1563933323102{padding-top: 20px !important;}&#8221;][vc_column][vc_custom_heading text=&#8221;IV. Montos Pagados&#8221; font_container=&#8221;tag:h4|text_align:left|color:%23ffffff&#8221; use_theme_fonts=&#8221;yes&#8221; css=&#8221;.vc_custom_1566843397203{padding-bottom: 10px !important;background-color: #ef5939 !important;}&#8221;][vc_column_text]Montos pagados 2do Trimestre 2021[\/vc_column_text][\/vc_column][\/vc_row][vc_row css=&#8221;.vc_custom_1563933323102{padding-top: 20px !important;}&#8221;][vc_column][vc_custom_heading text=&#8221;Ley de Disciplina Financiera&#8221; font_container=&#8221;tag:h4|text_align:left|color:%23ffffff&#8221; use_theme_fonts=&#8221;yes&#8221; css=&#8221;.vc_custom_1566845246688{padding-bottom: 10px !important;background-color: #ef5939 !important;}&#8221;][vc_column_text]Estado de Situaci\u00f3n Financiera Detallado &#8211; 2do Trimestre 2021<\/p>\n<p>Informe anal\u00edtico de la deuda p\u00fablica y otros pasivos &#8211; 2do Trimestre 2021<\/p>\n<p>Estado anal\u00edtico de obligaciones diferentes de financiamientos &#8211; 2do Trimestre 2021<\/p>\n<p>Balance presupuestario &#8211; 2do Trimestre 2021<\/p>\n<p>Estado Anal\u00edtico de Ingresos Detallado &#8211; 2do Trimestre 2021<\/p>\n<p>Estado anal\u00edtico del ejercicio del presupuesto de egresos detallado (COG) &#8211; 2do Trimestre 2021<\/p>\n<p>Estado anal\u00edtico del ejercicio de presupuesto de egreros detallado (CA) &#8211; 2do Trimestre 2021<\/p>\n<p>Estado anal\u00edtico del ejercicio de presupuesto de egreros detallado (FyF) &#8211; 2do Trimestre 2021<\/p>\n<p>Estado anal\u00edtico del ejercicio de presupuesto de egreros detallado (CSP) &#8211; 2do Trimestre 2021<\/p>\n<p>Proyecciones de ingresos &#8211; 2do Trimestre 2021<\/p>\n<p>Proyecciones de egresos &#8211; 2do Trimestre 2021<\/p>\n<p>Resultados de ingresos &#8211; 2do Trimestre 2021<\/p>\n<p>Resultados de egresos &#8211; 2do Trimestre 2021<\/p>\n<p>Informe sobre estudios actuariales &#8211; 2do Trimestre 2021[\/vc_column_text][\/vc_column][\/vc_row][vc_section parallax=&#8221;content-moving&#8221; css=&#8221;.vc_custom_1557424953465{background-color: #ffffff !important;background-position: center !important;background-repeat: no-repeat !important;background-size: cover !important;}&#8221;][vc_row full_width=&#8221;stretch_row&#8221; content_placement=&#8221;middle&#8221; css=&#8221;.vc_custom_1558023454524{padding-top: 10px !important;padding-bottom: 10px !important;}&#8221;][vc_column width=&#8221;1\/6&#8243;][\/vc_column][vc_column width=&#8221;2\/3&#8243; css=&#8221;.vc_custom_1565306939809{margin-right: 10px !important;margin-left: 10px !important;border-top-width: 3px !important;border-right-width: 3px !important;border-bottom-width: 3px !important;border-left-width: 3px !important;background-color: #f4f9fd !important;border-left-color: #e5e5e5 !important;border-left-style: solid !important;border-right-color: #e5e5e5 !important;border-right-style: solid !important;border-top-color: #e5e5e5 !important;border-top-style: solid !important;border-bottom-color: #e5e5e5 !important;border-bottom-style: solid !important;}&#8221;][vc_row_inner][vc_column_inner css=&#8221;.vc_custom_1558021831375{padding-bottom: 20px !important;}&#8221;][vc_custom_heading text=&#8221;Departamento<br \/>\nResponsable de la Informaci\u00f3n&#8221; font_container=&#8221;tag:h4|text_align:center|color:%23000000&#8243; use_theme_fonts=&#8221;yes&#8221; css=&#8221;.vc_custom_1566850163888{border-bottom-width: 3px !important;padding-top: 10px !important;border-bottom-color: #dbdbdb !important;border-bottom-style: solid !important;}&#8221; link=&#8221;url:http%3A%2F%2Fwww.itsteziutlan.edu.mx%2Findex.php%2Fdepartamento-de-recursos-financieros%2F|||&#8221;][vc_column_text]Departamento:\u00a0Departamento de Recursos Financieros<br \/>\nTitular:\u00a0\u00a0Oscar Altamirano Francia<br \/>\nJefe del Departamento de Recursos Financieros<\/p>\n<p>Ubicaci\u00f3n Administrativa: Edificio B &#8211; Unidad Administrativa<br \/>\nTel\u00e9fono: 231 31 1 40 00 \u2013 Ext. 205<br \/>\nCorreo Electr\u00f3nico: oscar.altamirano@live.itsteziutlan.edu.mx<\/p>\n<p>Fecha de actualizaci\u00f3n:\u00a0lunes 24 de agosto de 2019[\/vc_column_text][\/vc_column_inner][\/vc_row_inner][\/vc_column][vc_column width=&#8221;1\/6&#8243;][\/vc_column][\/vc_row][\/vc_section][vc_row full_width=&#8221;stretch_row_content_no_spaces&#8221; css=&#8221;.vc_custom_1555638044945{background-color: #f8f8f8 !important;}&#8221;][vc_column css=&#8221;.vc_custom_1523859093087{margin-top: 0px !important;margin-bottom: 0px !important;padding-top: 0px !important;padding-bottom: 0px !important;}&#8221;]<div class=\"clients owl-carousel element-one owl-nav-style-one owl-dot-style-one \"  data-owl-nav=\"false\" data-owl-dots=\"false\" data-owl-loop=\"true\" data-owl-autoplay=\"true\" data-owl-autoplay-timeout=\"6000\" data-owl-mobile-items=\"1\" data-owl-tab-items=\"5\" data-owl-desktop-items=\"6\"><!-- clients-item --><div class=\"clients-item\"><div class=\"holder matchHeight\"><div class=\"table\"><div class=\"table-cell\"><div class=\"pic radiantthemes-retina\"><a href=\"https:\/\/www.tecnm.mx\/\"><img width=\"399\" height=\"197\" src=\"http:\/\/www.itsteziutlan.edu.mx\/wp-content\/uploads\/2019\/04\/TecNM.png\" class=\"attachment-post-thumbnail size-post-thumbnail wp-post-image\" alt=\"Tecnol\u00f3gico Nacional de M\u00e9xico\" loading=\"lazy\" srcset=\"http:\/\/www.itsteziutlan.edu.mx\/wp-content\/uploads\/2019\/04\/TecNM.png 399w, http:\/\/www.itsteziutlan.edu.mx\/wp-content\/uploads\/2019\/04\/TecNM-300x148.png 300w\" sizes=\"(max-width: 399px) 100vw, 399px\" \/><\/a><\/div><\/div><\/div><\/div><\/div><!-- clients-item --><!-- clients-item --><div class=\"clients-item\"><div class=\"holder matchHeight\"><div class=\"table\"><div class=\"table-cell\"><div class=\"pic radiantthemes-retina\"><a href=\"https:\/\/teziutlan.tecnm.mx\"><img width=\"499\" height=\"159\" src=\"http:\/\/www.itsteziutlan.edu.mx\/wp-content\/uploads\/logocalado_Blanco.png\" class=\"attachment-post-thumbnail size-post-thumbnail wp-post-image\" alt=\"\" loading=\"lazy\" \/><\/a><\/div><\/div><\/div><\/div><\/div><!-- clients-item --><\/div>[\/vc_column][\/vc_row]<\/p>\n","protected":false},"excerpt":{"rendered":"<p>[vc_row full_width=&#8221;stretch_row_content&#8221; content_placement=&#8221;bottom&#8221; parallax=&#8221;content-moving&#8221; parallax_image=&#8221;84&#8243; css=&#8221;.vc_custom_1562612433342{margin-bottom: 0px !important;padding-bottom: 30px !important;background-image: url(http:\/\/www.itsteziutlan.edu.mx\/wp-content\/uploads\/backFooter2.png?id=84) !important;background-position: center;background-repeat: no-repeat;background-size: cover !important;}&#8221;][vc_column width=&#8221;2\/12&#8243; css=&#8221;.vc_custom_1555699902733{margin-top: 0px !important;margin-bottom: 0px !important;padding-top: 90px !important;padding-bottom: 0px !important;}&#8221;][\/vc_column][vc_column width=&#8221;10\/12&#8243;][vc_custom_heading source=&#8221;post_title&#8221; font_container=&#8221;tag:h2|font_size:65px|text_align:left|color:%23ffffff|line_height:65px&#8221; use_theme_fonts=&#8221;yes&#8221; css=&#8221;.vc_custom_1562612753904{margin-top: 11px !important;margin-bottom: 0px !important;padding-top: 0px !important;padding-bottom: 0px !important;}&#8221; el_class=&#8221;titulos-sombra&#8221;][vc_custom_heading text=&#8221;Instituto Tecnol\u00f3gico Superior de Teziutl\u00e1n&#8221; font_container=&#8221;tag:h3|font_size:30px|text_align:left|color:%23ffffff|line_height:40px&#8221; use_theme_fonts=&#8221;yes&#8221; css=&#8221;.vc_custom_1563927258725{margin-top: 11px !important;margin-bottom: 0px !important;padding-top: 0px !important;padding-bottom: 0px [&hellip;]<\/p>\n","protected":false},"author":1,"featured_media":0,"parent":1761,"menu_order":0,"comment_status":"closed","ping_status":"closed","template":"","meta":{"_monsterinsights_skip_tracking":false,"_monsterinsights_sitenote_active":false,"_monsterinsights_sitenote_note":"","_monsterinsights_sitenote_category":0},"yoast_head":"<!-- This site is optimized with the Yoast SEO plugin v16.6.1 - https:\/\/yoast.com\/wordpress\/plugins\/seo\/ -->\n<title>Estados Financieros - Instituto Tecnol\u00f3gico Superior de Teziutl\u00e1n<\/title>\n<meta name=\"description\" content=\"En cumplimiento a la Ley de Transparencia y Acceso a la Informaci\u00f3n P\u00fablica del Estado de Puebla, el Instituto Tecnol\u00f3gico Superior de Teziutl\u00e1n pone a tu disposici\u00f3n la informaci\u00f3n P\u00fablica generada y administrada en su poder.\" \/>\n<meta name=\"robots\" content=\"noindex, follow, max-snippet:-1, max-image-preview:large, max-video-preview:-1\" \/>\n<meta property=\"og:locale\" content=\"es_MX\" \/>\n<meta property=\"og:type\" content=\"article\" \/>\n<meta property=\"og:title\" content=\"Estados Financieros - Instituto Tecnol\u00f3gico Superior de Teziutl\u00e1n\" \/>\n<meta property=\"og:description\" content=\"En cumplimiento a la Ley de Transparencia y Acceso a la Informaci\u00f3n P\u00fablica del Estado de Puebla, el Instituto Tecnol\u00f3gico Superior de Teziutl\u00e1n pone a tu disposici\u00f3n la informaci\u00f3n P\u00fablica generada y administrada en su poder.\" \/>\n<meta property=\"og:url\" content=\"http:\/\/www.itsteziutlan.edu.mx\/index.php\/transparencia\/estados-financieros\/\" \/>\n<meta property=\"og:site_name\" content=\"Instituto Tecnol\u00f3gico Superior de Teziutl\u00e1n\" \/>\n<meta property=\"article:modified_time\" content=\"2021-07-06T15:40:22+00:00\" \/>\n<meta name=\"twitter:card\" content=\"summary_large_image\" \/>\n<meta name=\"twitter:label1\" content=\"Tiempo de lectura\" \/>\n\t<meta name=\"twitter:data1\" content=\"3 minutos\" \/>\n<script type=\"application\/ld+json\" class=\"yoast-schema-graph\">{\"@context\":\"https:\/\/schema.org\",\"@graph\":[{\"@type\":\"WebSite\",\"@id\":\"http:\/\/www.itsteziutlan.edu.mx\/#website\",\"url\":\"http:\/\/www.itsteziutlan.edu.mx\/\",\"name\":\"Instituto Tecnol\\u00f3gico Superior de Teziutl\\u00e1n\",\"description\":\"\\u00a1Es un Orgullo ser Mapache!\",\"potentialAction\":[{\"@type\":\"SearchAction\",\"target\":{\"@type\":\"EntryPoint\",\"urlTemplate\":\"http:\/\/www.itsteziutlan.edu.mx\/?s={search_term_string}\"},\"query-input\":\"required name=search_term_string\"}],\"inLanguage\":\"es-MX\"},{\"@type\":\"WebPage\",\"@id\":\"http:\/\/www.itsteziutlan.edu.mx\/index.php\/transparencia\/estados-financieros\/#webpage\",\"url\":\"http:\/\/www.itsteziutlan.edu.mx\/index.php\/transparencia\/estados-financieros\/\",\"name\":\"Estados Financieros - Instituto Tecnol\\u00f3gico Superior de Teziutl\\u00e1n\",\"isPartOf\":{\"@id\":\"http:\/\/www.itsteziutlan.edu.mx\/#website\"},\"datePublished\":\"2019-08-26T14:37:06+00:00\",\"dateModified\":\"2021-07-06T15:40:22+00:00\",\"description\":\"En cumplimiento a la Ley de Transparencia y Acceso a la Informaci\\u00f3n P\\u00fablica del Estado de Puebla, el Instituto Tecnol\\u00f3gico Superior de Teziutl\\u00e1n pone a tu disposici\\u00f3n la informaci\\u00f3n P\\u00fablica generada y administrada en su poder.\",\"breadcrumb\":{\"@id\":\"http:\/\/www.itsteziutlan.edu.mx\/index.php\/transparencia\/estados-financieros\/#breadcrumb\"},\"inLanguage\":\"es-MX\",\"potentialAction\":[{\"@type\":\"ReadAction\",\"target\":[\"http:\/\/www.itsteziutlan.edu.mx\/index.php\/transparencia\/estados-financieros\/\"]}]},{\"@type\":\"BreadcrumbList\",\"@id\":\"http:\/\/www.itsteziutlan.edu.mx\/index.php\/transparencia\/estados-financieros\/#breadcrumb\",\"itemListElement\":[{\"@type\":\"ListItem\",\"position\":1,\"name\":\"Home\",\"item\":\"http:\/\/www.itsteziutlan.edu.mx\/\"},{\"@type\":\"ListItem\",\"position\":2,\"name\":\"Transparencia\",\"item\":\"http:\/\/www.itsteziutlan.edu.mx\/index.php\/transparencia\/\"},{\"@type\":\"ListItem\",\"position\":3,\"name\":\"Estados Financieros\"}]}]}<\/script>\n<!-- \/ Yoast SEO plugin. -->","_links":{"self":[{"href":"http:\/\/www.itsteziutlan.edu.mx\/index.php\/wp-json\/wp\/v2\/pages\/2839"}],"collection":[{"href":"http:\/\/www.itsteziutlan.edu.mx\/index.php\/wp-json\/wp\/v2\/pages"}],"about":[{"href":"http:\/\/www.itsteziutlan.edu.mx\/index.php\/wp-json\/wp\/v2\/types\/page"}],"author":[{"embeddable":true,"href":"http:\/\/www.itsteziutlan.edu.mx\/index.php\/wp-json\/wp\/v2\/users\/1"}],"replies":[{"embeddable":true,"href":"http:\/\/www.itsteziutlan.edu.mx\/index.php\/wp-json\/wp\/v2\/comments?post=2839"}],"version-history":[{"count":54,"href":"http:\/\/www.itsteziutlan.edu.mx\/index.php\/wp-json\/wp\/v2\/pages\/2839\/revisions"}],"predecessor-version":[{"id":5595,"href":"http:\/\/www.itsteziutlan.edu.mx\/index.php\/wp-json\/wp\/v2\/pages\/2839\/revisions\/5595"}],"up":[{"embeddable":true,"href":"http:\/\/www.itsteziutlan.edu.mx\/index.php\/wp-json\/wp\/v2\/pages\/1761"}],"wp:attachment":[{"href":"http:\/\/www.itsteziutlan.edu.mx\/index.php\/wp-json\/wp\/v2\/media?parent=2839"}],"curies":[{"name":"wp","href":"https:\/\/api.w.org\/{rel}","templated":true}]}}